







{"id":1121,"date":"2022-03-07T09:38:08","date_gmt":"2022-03-07T09:38:08","guid":{"rendered":"https:\/\/curiumnordic.com\/?page_id=1121"},"modified":"2024-10-17T16:52:34","modified_gmt":"2024-10-17T16:52:34","slug":"contact","status":"publish","type":"page","link":"https:\/\/curiumnordic.com\/sv\/contact\/","title":{"rendered":"Kontakt"},"content":{"rendered":"<div class=\"wp-block-media-text alignwide has-media-on-the-right is-stacked-on-mobile\" style=\"grid-template-columns:auto 20%\"><div class=\"wp-block-media-text__content\">\n<p class=\"has-large-font-size\">F\u00f6rs\u00e4ljning- och produktfr\u00e5gor<\/p>\n\n\n\n<pre class=\"wp-block-verse\">V\u00e4nligen skicka ett mejl till \n<strong>Radiopharmaceuticals.Sweden@curiumpharma.com\n<\/strong>om du har n\u00e5gra fr\u00e5gor ang\u00e5ende produkter\/best\u00e4llningar fr\u00e5n CEOS.<\/pre>\n<\/div><figure class=\"wp-block-media-text__media\"><img decoding=\"async\" loading=\"lazy\" width=\"512\" height=\"512\" src=\"https:\/\/curiumnordic.com\/wp-content\/uploads\/2021\/10\/cropped-ceos-logo.png\" alt=\"\" class=\"wp-image-925 size-full\" srcset=\"https:\/\/curiumnordic.com\/wp-content\/uploads\/2021\/10\/cropped-ceos-logo.png 512w, https:\/\/curiumnordic.com\/wp-content\/uploads\/2021\/10\/cropped-ceos-logo-300x300.png 300w, https:\/\/curiumnordic.com\/wp-content\/uploads\/2021\/10\/cropped-ceos-logo-150x150.png 150w, https:\/\/curiumnordic.com\/wp-content\/uploads\/2021\/10\/cropped-ceos-logo-12x12.png 12w, https:\/\/curiumnordic.com\/wp-content\/uploads\/2021\/10\/cropped-ceos-logo-450x450.png 450w, https:\/\/curiumnordic.com\/wp-content\/uploads\/2021\/10\/cropped-ceos-logo-100x100.png 100w, https:\/\/curiumnordic.com\/wp-content\/uploads\/2021\/10\/cropped-ceos-logo-270x270.png 270w, https:\/\/curiumnordic.com\/wp-content\/uploads\/2021\/10\/cropped-ceos-logo-192x192.png 192w, https:\/\/curiumnordic.com\/wp-content\/uploads\/2021\/10\/cropped-ceos-logo-180x180.png 180w, https:\/\/curiumnordic.com\/wp-content\/uploads\/2021\/10\/cropped-ceos-logo-32x32.png 32w\" sizes=\"(max-width: 512px) 100vw, 512px\" \/><\/figure><\/div>\n\n\n\n<div style=\"height:100px\" aria-hidden=\"true\" class=\"wp-block-spacer\"><\/div>\n\n\n\n<div class=\"wp-block-media-text alignwide is-stacked-on-mobile\" style=\"grid-template-columns:20% auto\"><figure class=\"wp-block-media-text__media\"><img decoding=\"async\" loading=\"lazy\" width=\"1024\" height=\"1024\" src=\"https:\/\/curiumnordic.com\/wp-content\/uploads\/2022\/03\/office-building-1-1024x1024.png\" alt=\"\" class=\"wp-image-1171 size-full\" srcset=\"https:\/\/curiumnordic.com\/wp-content\/uploads\/2022\/03\/office-building-1-1024x1024.png 1024w, https:\/\/curiumnordic.com\/wp-content\/uploads\/2022\/03\/office-building-1-300x300.png 300w, https:\/\/curiumnordic.com\/wp-content\/uploads\/2022\/03\/office-building-1-150x150.png 150w, https:\/\/curiumnordic.com\/wp-content\/uploads\/2022\/03\/office-building-1-768x768.png 768w, https:\/\/curiumnordic.com\/wp-content\/uploads\/2022\/03\/office-building-1-12x12.png 12w, https:\/\/curiumnordic.com\/wp-content\/uploads\/2022\/03\/office-building-1-450x450.png 450w, https:\/\/curiumnordic.com\/wp-content\/uploads\/2022\/03\/office-building-1-600x600.png 600w, https:\/\/curiumnordic.com\/wp-content\/uploads\/2022\/03\/office-building-1-100x100.png 100w, https:\/\/curiumnordic.com\/wp-content\/uploads\/2022\/03\/office-building-1.png 1080w\" sizes=\"(max-width: 1024px) 100vw, 1024px\" \/><\/figure><div class=\"wp-block-media-text__content\">\n<p class=\"has-large-font-size\">Kontor<\/p>\n\n\n\n<pre class=\"wp-block-verse\">Office open 8:00 - 16:30 (lunch 12:00 - 13:00)\n+46 8 502 522 09<\/pre>\n<\/div><\/div>\n\n\n\n<div style=\"height:100px\" aria-hidden=\"true\" class=\"wp-block-spacer\"><\/div>\n\n\n\n<div class=\"wp-block-media-text alignwide has-media-on-the-right is-stacked-on-mobile\" style=\"grid-template-columns:auto 20%\"><div class=\"wp-block-media-text__content\">\n<p class=\"has-large-font-size\">Kundtj\u00e4nst<\/p>\n\n\n\n<pre class=\"wp-block-verse\">Open 8:00 - 16:30 (lunch 12:00 - 13:00)\n+46 8 502 522 09<\/pre>\n<\/div><figure class=\"wp-block-media-text__media\"><img decoding=\"async\" loading=\"lazy\" width=\"1024\" height=\"1024\" src=\"https:\/\/curiumnordic.com\/wp-content\/uploads\/2022\/03\/customer-service-1024x1024.png\" alt=\"\" class=\"wp-image-1173 size-full\" srcset=\"https:\/\/curiumnordic.com\/wp-content\/uploads\/2022\/03\/customer-service-1024x1024.png 1024w, https:\/\/curiumnordic.com\/wp-content\/uploads\/2022\/03\/customer-service-300x300.png 300w, https:\/\/curiumnordic.com\/wp-content\/uploads\/2022\/03\/customer-service-150x150.png 150w, https:\/\/curiumnordic.com\/wp-content\/uploads\/2022\/03\/customer-service-768x768.png 768w, https:\/\/curiumnordic.com\/wp-content\/uploads\/2022\/03\/customer-service-12x12.png 12w, https:\/\/curiumnordic.com\/wp-content\/uploads\/2022\/03\/customer-service-450x450.png 450w, https:\/\/curiumnordic.com\/wp-content\/uploads\/2022\/03\/customer-service-600x600.png 600w, https:\/\/curiumnordic.com\/wp-content\/uploads\/2022\/03\/customer-service-100x100.png 100w, https:\/\/curiumnordic.com\/wp-content\/uploads\/2022\/03\/customer-service.png 1080w\" sizes=\"(max-width: 1024px) 100vw, 1024px\" \/><\/figure><\/div>\n\n\n\n<div style=\"height:100px\" aria-hidden=\"true\" class=\"wp-block-spacer\"><\/div>\n\n\n\n<div class=\"wp-block-media-text alignwide is-stacked-on-mobile\" style=\"grid-template-columns:20% auto\"><figure class=\"wp-block-media-text__media\"><img decoding=\"async\" loading=\"lazy\" width=\"1024\" height=\"1024\" src=\"https:\/\/curiumnordic.com\/wp-content\/uploads\/2022\/03\/phone-illustration-1024x1024.png\" alt=\"\" class=\"wp-image-1175 size-full\" srcset=\"https:\/\/curiumnordic.com\/wp-content\/uploads\/2022\/03\/phone-illustration-1024x1024.png 1024w, https:\/\/curiumnordic.com\/wp-content\/uploads\/2022\/03\/phone-illustration-300x300.png 300w, https:\/\/curiumnordic.com\/wp-content\/uploads\/2022\/03\/phone-illustration-150x150.png 150w, https:\/\/curiumnordic.com\/wp-content\/uploads\/2022\/03\/phone-illustration-768x768.png 768w, https:\/\/curiumnordic.com\/wp-content\/uploads\/2022\/03\/phone-illustration-12x12.png 12w, https:\/\/curiumnordic.com\/wp-content\/uploads\/2022\/03\/phone-illustration-450x450.png 450w, https:\/\/curiumnordic.com\/wp-content\/uploads\/2022\/03\/phone-illustration-600x600.png 600w, https:\/\/curiumnordic.com\/wp-content\/uploads\/2022\/03\/phone-illustration-100x100.png 100w, https:\/\/curiumnordic.com\/wp-content\/uploads\/2022\/03\/phone-illustration.png 1080w\" sizes=\"(max-width: 1024px) 100vw, 1024px\" \/><\/figure><div class=\"wp-block-media-text__content\">\n<p class=\"has-large-font-size\">Emergencies<\/p>\n\n\n\n<pre class=\"wp-block-verse\">1.       Pharmacovigilance\/Quality\/Medical emergencies \u00e0 +46 70 215 48 59\n2.       Logistic and\/or delivery emergencies (OUT OF OFFICE HOURS ONLY) \u00e0 +46 70542 14 33<\/pre>\n<\/div><\/div>\n\n\n\n<div style=\"height:100px\" aria-hidden=\"true\" class=\"wp-block-spacer\"><\/div>\n\n\n\n<div class=\"wp-block-media-text alignwide has-media-on-the-right is-stacked-on-mobile\" style=\"grid-template-columns:auto 20%\"><div class=\"wp-block-media-text__content\">\n<p class=\"has-large-font-size\">Regulatory Team<\/p>\n\n\n\n<pre class=\"wp-block-verse\">Anv\u00e4nd f\u00f6ljande e-postadress f\u00f6r alla f\u00f6rfr\u00e5gningar relaterade till regelverk\/QA\/PV.\nnordicraqapv@curiumpharma.com <\/pre>\n<\/div><figure class=\"wp-block-media-text__media\"><img decoding=\"async\" loading=\"lazy\" width=\"1024\" height=\"1024\" src=\"https:\/\/curiumnordic.com\/wp-content\/uploads\/2022\/03\/compliance-qa-regulation-illustration-1-1024x1024.png\" alt=\"\" class=\"wp-image-1218 size-full\" srcset=\"https:\/\/curiumnordic.com\/wp-content\/uploads\/2022\/03\/compliance-qa-regulation-illustration-1-1024x1024.png 1024w, https:\/\/curiumnordic.com\/wp-content\/uploads\/2022\/03\/compliance-qa-regulation-illustration-1-300x300.png 300w, https:\/\/curiumnordic.com\/wp-content\/uploads\/2022\/03\/compliance-qa-regulation-illustration-1-150x150.png 150w, https:\/\/curiumnordic.com\/wp-content\/uploads\/2022\/03\/compliance-qa-regulation-illustration-1-768x768.png 768w, https:\/\/curiumnordic.com\/wp-content\/uploads\/2022\/03\/compliance-qa-regulation-illustration-1-12x12.png 12w, https:\/\/curiumnordic.com\/wp-content\/uploads\/2022\/03\/compliance-qa-regulation-illustration-1-450x450.png 450w, https:\/\/curiumnordic.com\/wp-content\/uploads\/2022\/03\/compliance-qa-regulation-illustration-1-600x600.png 600w, https:\/\/curiumnordic.com\/wp-content\/uploads\/2022\/03\/compliance-qa-regulation-illustration-1-100x100.png 100w, https:\/\/curiumnordic.com\/wp-content\/uploads\/2022\/03\/compliance-qa-regulation-illustration-1.png 1080w\" sizes=\"(max-width: 1024px) 100vw, 1024px\" \/><\/figure><\/div>\n\n\n\n<div style=\"height:100px\" aria-hidden=\"true\" class=\"wp-block-spacer\"><\/div>\n\n\n\n<div class=\"wp-block-media-text alignwide is-stacked-on-mobile\" style=\"grid-template-columns:20% auto\"><figure class=\"wp-block-media-text__media\"><img decoding=\"async\" loading=\"lazy\" width=\"1024\" height=\"1024\" src=\"https:\/\/curiumnordic.com\/wp-content\/uploads\/2022\/03\/person-illustration-1-1024x1024.png\" alt=\"\" class=\"wp-image-1155 size-full\" srcset=\"https:\/\/curiumnordic.com\/wp-content\/uploads\/2022\/03\/person-illustration-1-1024x1024.png 1024w, https:\/\/curiumnordic.com\/wp-content\/uploads\/2022\/03\/person-illustration-1-300x300.png 300w, https:\/\/curiumnordic.com\/wp-content\/uploads\/2022\/03\/person-illustration-1-150x150.png 150w, https:\/\/curiumnordic.com\/wp-content\/uploads\/2022\/03\/person-illustration-1-768x768.png 768w, https:\/\/curiumnordic.com\/wp-content\/uploads\/2022\/03\/person-illustration-1-12x12.png 12w, https:\/\/curiumnordic.com\/wp-content\/uploads\/2022\/03\/person-illustration-1-450x450.png 450w, https:\/\/curiumnordic.com\/wp-content\/uploads\/2022\/03\/person-illustration-1-600x600.png 600w, https:\/\/curiumnordic.com\/wp-content\/uploads\/2022\/03\/person-illustration-1-100x100.png 100w, https:\/\/curiumnordic.com\/wp-content\/uploads\/2022\/03\/person-illustration-1.png 1080w\" sizes=\"(max-width: 1024px) 100vw, 1024px\" \/><\/figure><div class=\"wp-block-media-text__content\">\n<p class=\"has-large-font-size\">Miriam Ebrahimi<\/p>\n\n\n\n<pre class=\"wp-block-verse\">Regulatory Compliance Manager\nmiriam.ebrahimi@curiumpharma.com \n+46 70 215 48 59\n+46 8 606 20 64<\/pre>\n<\/div><\/div>\n\n\n\n<div style=\"height:100px\" aria-hidden=\"true\" class=\"wp-block-spacer\"><\/div>\n\n\n\n<div class=\"wp-block-media-text alignwide has-media-on-the-right is-stacked-on-mobile\" style=\"grid-template-columns:auto 20%\"><div class=\"wp-block-media-text__content\">\n<p class=\"has-large-font-size\">Komal Toor<\/p>\n\n\n\n<pre class=\"wp-block-verse\">RA\/QA Specialist\nkomal.toor@curiumpharma.com \n+46 70 581 57 02<\/pre>\n<\/div><figure class=\"wp-block-media-text__media\"><img decoding=\"async\" loading=\"lazy\" width=\"1024\" height=\"1024\" src=\"https:\/\/curiumnordic.com\/wp-content\/uploads\/2022\/03\/person-illustration-1-1024x1024.png\" alt=\"\" class=\"wp-image-1155 size-full\" srcset=\"https:\/\/curiumnordic.com\/wp-content\/uploads\/2022\/03\/person-illustration-1-1024x1024.png 1024w, https:\/\/curiumnordic.com\/wp-content\/uploads\/2022\/03\/person-illustration-1-300x300.png 300w, https:\/\/curiumnordic.com\/wp-content\/uploads\/2022\/03\/person-illustration-1-150x150.png 150w, https:\/\/curiumnordic.com\/wp-content\/uploads\/2022\/03\/person-illustration-1-768x768.png 768w, https:\/\/curiumnordic.com\/wp-content\/uploads\/2022\/03\/person-illustration-1-12x12.png 12w, https:\/\/curiumnordic.com\/wp-content\/uploads\/2022\/03\/person-illustration-1-450x450.png 450w, https:\/\/curiumnordic.com\/wp-content\/uploads\/2022\/03\/person-illustration-1-600x600.png 600w, https:\/\/curiumnordic.com\/wp-content\/uploads\/2022\/03\/person-illustration-1-100x100.png 100w, https:\/\/curiumnordic.com\/wp-content\/uploads\/2022\/03\/person-illustration-1.png 1080w\" sizes=\"(max-width: 1024px) 100vw, 1024px\" \/><\/figure><\/div>\n\n\n\n<div style=\"height:100px\" aria-hidden=\"true\" class=\"wp-block-spacer\"><\/div>\n\n\n\n<div class=\"wp-block-media-text alignwide is-stacked-on-mobile\" style=\"grid-template-columns:20% auto\"><figure class=\"wp-block-media-text__media\"><img decoding=\"async\" loading=\"lazy\" width=\"1024\" height=\"1024\" src=\"https:\/\/curiumnordic.com\/wp-content\/uploads\/2022\/03\/person-illustration-1-1024x1024.png\" alt=\"\" class=\"wp-image-1155 size-full\" srcset=\"https:\/\/curiumnordic.com\/wp-content\/uploads\/2022\/03\/person-illustration-1-1024x1024.png 1024w, https:\/\/curiumnordic.com\/wp-content\/uploads\/2022\/03\/person-illustration-1-300x300.png 300w, https:\/\/curiumnordic.com\/wp-content\/uploads\/2022\/03\/person-illustration-1-150x150.png 150w, https:\/\/curiumnordic.com\/wp-content\/uploads\/2022\/03\/person-illustration-1-768x768.png 768w, https:\/\/curiumnordic.com\/wp-content\/uploads\/2022\/03\/person-illustration-1-12x12.png 12w, https:\/\/curiumnordic.com\/wp-content\/uploads\/2022\/03\/person-illustration-1-450x450.png 450w, https:\/\/curiumnordic.com\/wp-content\/uploads\/2022\/03\/person-illustration-1-600x600.png 600w, https:\/\/curiumnordic.com\/wp-content\/uploads\/2022\/03\/person-illustration-1-100x100.png 100w, https:\/\/curiumnordic.com\/wp-content\/uploads\/2022\/03\/person-illustration-1.png 1080w\" sizes=\"(max-width: 1024px) 100vw, 1024px\" \/><\/figure><div class=\"wp-block-media-text__content\">\n<p class=\"has-large-font-size\">Patrik Dalsj\u00f6<\/p>\n\n\n\n<pre class=\"wp-block-verse\">General Manager \npatrik.dalsjo@curiumpharma.com \n+46 70 581 57 40<\/pre>\n<\/div><\/div>\n\n\n\n<div style=\"height:100px\" aria-hidden=\"true\" class=\"wp-block-spacer\"><\/div>\n\n\n\n<div class=\"wp-block-media-text alignwide has-media-on-the-right is-stacked-on-mobile\" style=\"grid-template-columns:auto 20%\"><div class=\"wp-block-media-text__content\">\n<p class=\"has-large-font-size\">Magnus Wagner<\/p>\n\n\n\n<pre class=\"wp-block-verse\">Key Account Manager\nmagnus.wagner@curiumpharma.com\n+46 705 81 86<\/pre>\n<\/div><figure class=\"wp-block-media-text__media\"><img decoding=\"async\" loading=\"lazy\" width=\"1024\" height=\"1024\" src=\"https:\/\/curiumnordic.com\/wp-content\/uploads\/2022\/03\/person-illustration-1-1024x1024.png\" alt=\"\" class=\"wp-image-1155 size-full\" srcset=\"https:\/\/curiumnordic.com\/wp-content\/uploads\/2022\/03\/person-illustration-1-1024x1024.png 1024w, https:\/\/curiumnordic.com\/wp-content\/uploads\/2022\/03\/person-illustration-1-300x300.png 300w, https:\/\/curiumnordic.com\/wp-content\/uploads\/2022\/03\/person-illustration-1-150x150.png 150w, https:\/\/curiumnordic.com\/wp-content\/uploads\/2022\/03\/person-illustration-1-768x768.png 768w, https:\/\/curiumnordic.com\/wp-content\/uploads\/2022\/03\/person-illustration-1-12x12.png 12w, https:\/\/curiumnordic.com\/wp-content\/uploads\/2022\/03\/person-illustration-1-450x450.png 450w, https:\/\/curiumnordic.com\/wp-content\/uploads\/2022\/03\/person-illustration-1-600x600.png 600w, https:\/\/curiumnordic.com\/wp-content\/uploads\/2022\/03\/person-illustration-1-100x100.png 100w, https:\/\/curiumnordic.com\/wp-content\/uploads\/2022\/03\/person-illustration-1.png 1080w\" sizes=\"(max-width: 1024px) 100vw, 1024px\" \/><\/figure><\/div>\n\n\n\n<div style=\"height:100px\" aria-hidden=\"true\" class=\"wp-block-spacer\"><\/div>\n\n\n\n<div class=\"wp-block-media-text alignwide is-stacked-on-mobile\" style=\"grid-template-columns:20% auto\"><figure class=\"wp-block-media-text__media\"><img decoding=\"async\" loading=\"lazy\" width=\"1024\" height=\"1024\" src=\"https:\/\/curiumnordic.com\/wp-content\/uploads\/2022\/03\/person-illustration-1-1024x1024.png\" alt=\"\" class=\"wp-image-1155 size-full\" srcset=\"https:\/\/curiumnordic.com\/wp-content\/uploads\/2022\/03\/person-illustration-1-1024x1024.png 1024w, https:\/\/curiumnordic.com\/wp-content\/uploads\/2022\/03\/person-illustration-1-300x300.png 300w, https:\/\/curiumnordic.com\/wp-content\/uploads\/2022\/03\/person-illustration-1-150x150.png 150w, https:\/\/curiumnordic.com\/wp-content\/uploads\/2022\/03\/person-illustration-1-768x768.png 768w, https:\/\/curiumnordic.com\/wp-content\/uploads\/2022\/03\/person-illustration-1-12x12.png 12w, https:\/\/curiumnordic.com\/wp-content\/uploads\/2022\/03\/person-illustration-1-450x450.png 450w, https:\/\/curiumnordic.com\/wp-content\/uploads\/2022\/03\/person-illustration-1-600x600.png 600w, https:\/\/curiumnordic.com\/wp-content\/uploads\/2022\/03\/person-illustration-1-100x100.png 100w, https:\/\/curiumnordic.com\/wp-content\/uploads\/2022\/03\/person-illustration-1.png 1080w\" sizes=\"(max-width: 1024px) 100vw, 1024px\" \/><\/figure><div class=\"wp-block-media-text__content\">\n<p class=\"has-large-font-size\">Tony Patren<\/p>\n\n\n\n<pre class=\"wp-block-verse\">Key Account Manager\ntony.patren@curiumpharma.com \n+46 76 814 90 90<\/pre>\n<\/div><\/div>\n\n\n\n<div style=\"height:100px\" aria-hidden=\"true\" class=\"wp-block-spacer\"><\/div>\n\n\n\n<div class=\"wp-block-media-text alignwide has-media-on-the-right is-stacked-on-mobile\" style=\"grid-template-columns:auto 20%\"><div class=\"wp-block-media-text__content\">\n<p class=\"has-large-font-size\">Karsten Thomsen<\/p>\n\n\n\n<pre class=\"wp-block-verse\">Key Account Manager\nkarsten.thomsen@curiumpharma.com \n+45 26 36 11 37<\/pre>\n<\/div><figure class=\"wp-block-media-text__media\"><img decoding=\"async\" loading=\"lazy\" width=\"1024\" height=\"1024\" src=\"https:\/\/curiumnordic.com\/wp-content\/uploads\/2022\/03\/person-illustration-1-1024x1024.png\" alt=\"\" class=\"wp-image-1155 size-full\" srcset=\"https:\/\/curiumnordic.com\/wp-content\/uploads\/2022\/03\/person-illustration-1-1024x1024.png 1024w, https:\/\/curiumnordic.com\/wp-content\/uploads\/2022\/03\/person-illustration-1-300x300.png 300w, https:\/\/curiumnordic.com\/wp-content\/uploads\/2022\/03\/person-illustration-1-150x150.png 150w, https:\/\/curiumnordic.com\/wp-content\/uploads\/2022\/03\/person-illustration-1-768x768.png 768w, https:\/\/curiumnordic.com\/wp-content\/uploads\/2022\/03\/person-illustration-1-12x12.png 12w, https:\/\/curiumnordic.com\/wp-content\/uploads\/2022\/03\/person-illustration-1-450x450.png 450w, https:\/\/curiumnordic.com\/wp-content\/uploads\/2022\/03\/person-illustration-1-600x600.png 600w, https:\/\/curiumnordic.com\/wp-content\/uploads\/2022\/03\/person-illustration-1-100x100.png 100w, https:\/\/curiumnordic.com\/wp-content\/uploads\/2022\/03\/person-illustration-1.png 1080w\" sizes=\"(max-width: 1024px) 100vw, 1024px\" \/><\/figure><\/div>\n\n\n\n<div style=\"height:100px\" aria-hidden=\"true\" class=\"wp-block-spacer\"><\/div>\n\n\n\n<div class=\"wp-block-media-text alignwide is-stacked-on-mobile\" style=\"grid-template-columns:20% auto\"><figure class=\"wp-block-media-text__media\"><img decoding=\"async\" loading=\"lazy\" width=\"1024\" height=\"1024\" src=\"https:\/\/curiumnordic.com\/wp-content\/uploads\/2022\/03\/person-illustration-1-1024x1024.png\" alt=\"\" class=\"wp-image-1155 size-full\" srcset=\"https:\/\/curiumnordic.com\/wp-content\/uploads\/2022\/03\/person-illustration-1-1024x1024.png 1024w, https:\/\/curiumnordic.com\/wp-content\/uploads\/2022\/03\/person-illustration-1-300x300.png 300w, https:\/\/curiumnordic.com\/wp-content\/uploads\/2022\/03\/person-illustration-1-150x150.png 150w, https:\/\/curiumnordic.com\/wp-content\/uploads\/2022\/03\/person-illustration-1-768x768.png 768w, https:\/\/curiumnordic.com\/wp-content\/uploads\/2022\/03\/person-illustration-1-12x12.png 12w, https:\/\/curiumnordic.com\/wp-content\/uploads\/2022\/03\/person-illustration-1-450x450.png 450w, https:\/\/curiumnordic.com\/wp-content\/uploads\/2022\/03\/person-illustration-1-600x600.png 600w, https:\/\/curiumnordic.com\/wp-content\/uploads\/2022\/03\/person-illustration-1-100x100.png 100w, https:\/\/curiumnordic.com\/wp-content\/uploads\/2022\/03\/person-illustration-1.png 1080w\" sizes=\"(max-width: 1024px) 100vw, 1024px\" \/><\/figure><div class=\"wp-block-media-text__content\">\n<p class=\"has-large-font-size\">Kristina Eklund<\/p>\n\n\n\n<pre class=\"wp-block-verse\">Sales Operations Analyst\nkristina.eklund@curiumpharma.com \n+46 70 542 14 33\n+46 8 606 20 63<\/pre>\n<\/div><\/div>\n\n\n\n<div style=\"height:100px\" aria-hidden=\"true\" class=\"wp-block-spacer\"><\/div>\n\n\n\n<div class=\"wp-block-media-text alignwide has-media-on-the-right is-stacked-on-mobile\" style=\"grid-template-columns:auto 20%\"><div class=\"wp-block-media-text__content\">\n<p class=\"has-large-font-size\">Anne Thorstensson<\/p>\n\n\n\n<pre class=\"wp-block-verse\">Customer Service Representative\nanne.thorstensson@curiumpharma.com \n+46 70 581 47 60<\/pre>\n<\/div><figure class=\"wp-block-media-text__media\"><img decoding=\"async\" loading=\"lazy\" width=\"1024\" height=\"1024\" src=\"https:\/\/curiumnordic.com\/wp-content\/uploads\/2022\/03\/person-illustration-1-1024x1024.png\" alt=\"\" class=\"wp-image-1155 size-full\" srcset=\"https:\/\/curiumnordic.com\/wp-content\/uploads\/2022\/03\/person-illustration-1-1024x1024.png 1024w, https:\/\/curiumnordic.com\/wp-content\/uploads\/2022\/03\/person-illustration-1-300x300.png 300w, https:\/\/curiumnordic.com\/wp-content\/uploads\/2022\/03\/person-illustration-1-150x150.png 150w, https:\/\/curiumnordic.com\/wp-content\/uploads\/2022\/03\/person-illustration-1-768x768.png 768w, https:\/\/curiumnordic.com\/wp-content\/uploads\/2022\/03\/person-illustration-1-12x12.png 12w, https:\/\/curiumnordic.com\/wp-content\/uploads\/2022\/03\/person-illustration-1-450x450.png 450w, https:\/\/curiumnordic.com\/wp-content\/uploads\/2022\/03\/person-illustration-1-600x600.png 600w, https:\/\/curiumnordic.com\/wp-content\/uploads\/2022\/03\/person-illustration-1-100x100.png 100w, https:\/\/curiumnordic.com\/wp-content\/uploads\/2022\/03\/person-illustration-1.png 1080w\" sizes=\"(max-width: 1024px) 100vw, 1024px\" \/><\/figure><\/div>\n\n\n\n<div style=\"height:100px\" aria-hidden=\"true\" class=\"wp-block-spacer\"><\/div>\n\n\n\n<div class=\"wp-block-media-text alignwide is-stacked-on-mobile\" style=\"grid-template-columns:20% auto\"><figure class=\"wp-block-media-text__media\"><img decoding=\"async\" loading=\"lazy\" width=\"1024\" height=\"1024\" src=\"https:\/\/curiumnordic.com\/wp-content\/uploads\/2022\/03\/person-illustration-1-1024x1024.png\" alt=\"\" class=\"wp-image-1155 size-full\" srcset=\"https:\/\/curiumnordic.com\/wp-content\/uploads\/2022\/03\/person-illustration-1-1024x1024.png 1024w, https:\/\/curiumnordic.com\/wp-content\/uploads\/2022\/03\/person-illustration-1-300x300.png 300w, https:\/\/curiumnordic.com\/wp-content\/uploads\/2022\/03\/person-illustration-1-150x150.png 150w, https:\/\/curiumnordic.com\/wp-content\/uploads\/2022\/03\/person-illustration-1-768x768.png 768w, https:\/\/curiumnordic.com\/wp-content\/uploads\/2022\/03\/person-illustration-1-12x12.png 12w, https:\/\/curiumnordic.com\/wp-content\/uploads\/2022\/03\/person-illustration-1-450x450.png 450w, https:\/\/curiumnordic.com\/wp-content\/uploads\/2022\/03\/person-illustration-1-600x600.png 600w, https:\/\/curiumnordic.com\/wp-content\/uploads\/2022\/03\/person-illustration-1-100x100.png 100w, https:\/\/curiumnordic.com\/wp-content\/uploads\/2022\/03\/person-illustration-1.png 1080w\" sizes=\"(max-width: 1024px) 100vw, 1024px\" \/><\/figure><div class=\"wp-block-media-text__content\">\n<p class=\"has-large-font-size\">John Lindberg<\/p>\n\n\n\n<pre class=\"wp-block-verse\">Customer Service Representative\njohn.lindberg@curiumpharma.com \n+46 70 581 57 20<\/pre>\n<\/div><\/div>","protected":false},"excerpt":{"rendered":"<p>Sales &amp; Product Questions Please send an email to Radiopharmaceuticals.Sweden@curiumpharma.com if you have any questions regarding products\/orders on CEOS. Office Office open 8:00 &#8211; 16:30 (lunch 12:00 &#8211; 13:00) +46 8 502 522 09 Customer Service Open 8:00 &#8211; 16:30 (lunch 12:00 &#8211; 13:00) +46 8 502 522 09 Emergencies 1. Pharmacovigilance\/Quality\/Medical emergencies \u00e0 +46&hellip; <a class=\"more-link\" href=\"https:\/\/curiumnordic.com\/sv\/contact\/\">Forts\u00e4tt l\u00e4sa <span class=\"screen-reader-text\">Kontakt<\/span><\/a><\/p>","protected":false},"author":34,"featured_media":0,"parent":0,"menu_order":0,"comment_status":"closed","ping_status":"closed","template":"","meta":{"footnotes":""},"_links":{"self":[{"href":"https:\/\/curiumnordic.com\/sv\/wp-json\/wp\/v2\/pages\/1121"}],"collection":[{"href":"https:\/\/curiumnordic.com\/sv\/wp-json\/wp\/v2\/pages"}],"about":[{"href":"https:\/\/curiumnordic.com\/sv\/wp-json\/wp\/v2\/types\/page"}],"author":[{"embeddable":true,"href":"https:\/\/curiumnordic.com\/sv\/wp-json\/wp\/v2\/users\/34"}],"replies":[{"embeddable":true,"href":"https:\/\/curiumnordic.com\/sv\/wp-json\/wp\/v2\/comments?post=1121"}],"version-history":[{"count":31,"href":"https:\/\/curiumnordic.com\/sv\/wp-json\/wp\/v2\/pages\/1121\/revisions"}],"predecessor-version":[{"id":3617,"href":"https:\/\/curiumnordic.com\/sv\/wp-json\/wp\/v2\/pages\/1121\/revisions\/3617"}],"wp:attachment":[{"href":"https:\/\/curiumnordic.com\/sv\/wp-json\/wp\/v2\/media?parent=1121"}],"curies":[{"name":"wp","href":"https:\/\/api.w.org\/{rel}","templated":true}]}}